{"id":65,"date":"2018-09-03T15:54:39","date_gmt":"2018-09-03T15:54:39","guid":{"rendered":"http:\/\/www.idea2colombia.com\/somosid\/?page_id=65"},"modified":"2020-10-07T16:54:49","modified_gmt":"2020-10-07T16:54:49","slug":"asesoria-consultaria-e-interventoria","status":"publish","type":"page","link":"https:\/\/somosid.co\/web\/asesoria-consultaria-e-interventoria\/","title":{"rendered":"Asesor\u00eda, consultar\u00eda e interventor\u00eda"},"content":{"rendered":"","protected":false},"excerpt":{"rendered":"","protected":false},"author":1,"featured_media":0,"parent":0,"menu_order":0,"comment_status":"closed","ping_status":"closed","template":"","meta":{"footnotes":""},"class_list":["post-65","page","type-page","status-publish","hentry"],"_links":{"self":[{"href":"https:\/\/somosid.co\/web\/wp-json\/wp\/v2\/pages\/65","targetHints":{"allow":["GET"]}}],"collection":[{"href":"https:\/\/somosid.co\/web\/wp-json\/wp\/v2\/pages"}],"about":[{"href":"https:\/\/somosid.co\/web\/wp-json\/wp\/v2\/types\/page"}],"author":[{"embeddable":true,"href":"https:\/\/somosid.co\/web\/wp-json\/wp\/v2\/users\/1"}],"replies":[{"embeddable":true,"href":"https:\/\/somosid.co\/web\/wp-json\/wp\/v2\/comments?post=65"}],"version-history":[{"count":1,"href":"https:\/\/somosid.co\/web\/wp-json\/wp\/v2\/pages\/65\/revisions"}],"predecessor-version":[{"id":207,"href":"https:\/\/somosid.co\/web\/wp-json\/wp\/v2\/pages\/65\/revisions\/207"}],"wp:attachment":[{"href":"https:\/\/somosid.co\/web\/wp-json\/wp\/v2\/media?parent=65"}],"curies":[{"name":"wp","href":"https:\/\/api.w.org\/{rel}","templated":true}]}}